{"id":38163,"date":"2022-03-29T08:30:06","date_gmt":"2022-03-29T06:30:06","guid":{"rendered":"https:\/\/www.youkidoc.ch\/?page_id=38163"},"modified":"2023-09-19T16:52:47","modified_gmt":"2023-09-19T14:52:47","slug":"offer-3","status":"publish","type":"page","link":"https:\/\/www.youkidoc.ch\/en\/ukraine-hilfe\/","title":{"rendered":"Ukraine aid"},"content":{"rendered":"<h1>\n\t\tUkraine Help Basel - \u0414\u043e\u043f\u043e\u043c\u043e\u0433\u0430 \u0423\u043a\u0440\u0430\u0457\u043d\u0456\n\t<\/h1>\n\t<p>We are here for you - \u043c\u0438 \u0442\u0443\u0442 \u0434\u043b\u044f \u0432\u0430\u0441<\/p>\n\t\t<h3>How can we help you?<\/h3>\t\t\n\t\t\t<p>Contact us for patient admission.<\/p>\n<p>+41 61 201 01 01<\/p>\n\tYoukidoc works together with various aid organizations<br \/>\nfor Ukrainian refugees directly on site and here in Basel.\n<p>Youkidoc has started the initiative to support Ukrainian families who have come from Basel because of the war in Ukraine. For better navigation, all information on the site will be in Ukrainian. It will include a calendar of events and useful links.<\/p>\n\t\t\t<a href=\"https:\/\/stiftungen.stiftungschweiz.ch\/projects\/medizinische-und-psychologische-soforthilfe-fuer-fluechtlingskinder-aus-der-ukraine\" target=\"_blank\" rel=\"noopener noreferrer nofollow\">\n\t\t\t\t\t\t\tHelp now with a donation\n\t\t\t\t\t<\/a>\n\t\t<h3>Regular consultations<\/h3>\t\t\n\t\t\tMon. till Fri,<br \/>\n08 - 12 h and 14 - 18 h\n<h2>\n\t\t\u0414\u043e\u043f\u043e\u043c\u043e\u0433\u0430 \u0423\u043a\u0440\u0430\u0457\u043d\u0456\n\t<\/h2>\n\t<p>\u0414\u043e\u0440\u043e\u0433\u0456 \u0443\u043a\u0440\u0430\u0457\u043d\u0441\u044c\u043a\u0456 \u043c\u0430\u0442\u0443\u0441\u0456, \u043c\u0438 \u0440\u0430\u0434\u0456 \u0432\u0430\u0441 \u0432\u0456\u0442\u0430\u0442\u0438.<\/p>\n<p>\u0423 \u043c\u0435\u0434\u0438\u0447\u043d\u043e\u043c\u0443 \u0446\u0435\u043d\u0442\u0440\u0456 Youkidoc \u043c\u0438 \u043f\u0456\u043a\u043b\u0443\u0454\u043c\u043e\u0441\u044f \u043f\u0440\u043e \u0437\u0434\u043e\u0440\u043e\u0432'\u044f \u0434\u0456\u0442\u0435\u0439. \u0412\u0441\u0456\u0454\u044e \u0434\u0443\u0448\u0435\u044e \u0456 \u0441\u0435\u0440\u0446\u0435\u043c. \u041d\u0430 \u0446\u0456\u0439 \u0441\u0442\u043e\u0440\u0456\u043d\u0446\u0456 \u043c\u0438 \u0437\u0431\u0438\u0440\u0430\u0442\u0438\u043c\u0435\u043c\u043e \u0434\u043b\u044f \u0432\u0430\u0441 \u0442\u0430\u043a\u0443 \u0456\u043d\u0444\u043e\u0440\u043c\u0430\u0446\u0456\u044e:<\/p>\n\t<ul>\n\t\t\t<li>\n\t\t\t\t\u041f\u043e\u0434\u0456\u0457 \u0443 \u0432\u0456\u0434\u043a\u0440\u0438\u0442\u043e\u043c\u0443 \u0434\u0438\u0442\u044f\u0447\u043e\u043c\u0443 \u043f\u0440\u043e\u0441\u0442\u043e\u0440\u0456 Youkidoc \u0434\u043b\u044f \u043c\u0430\u043c, \u0434\u0456\u0442\u0435\u0439 \u0442\u0430 \u0457\u0445\u043d\u0456\u0445 \u043e\u043f\u0456\u043a\u0443\u043d\u0456\u0432, \u0449\u043e\u0431 \u0432\u0437\u0430\u0454\u043c\u043e\u0434\u0456\u044f\u0442\u0438, \u043f\u0440\u043e\u0446\u0432\u0456\u0442\u0430\u0442\u0438 \u0442\u0430 \u0431\u0443\u0442\u0438 \u0442\u0432\u043e\u0440\u0447\u0438\u043c\u0438.\n\t\t\t<\/li>\n\t\t\t<li>\n\t\t\t\t\u041f\u0443\u0431\u043b\u0456\u0447\u043d\u0456 \u0437\u0430\u0445\u043e\u0434\u0438 \u0434\u043b\u044f \u0443\u043a\u0440\u0430\u0457\u043d\u0446\u0456\u0432, \u044f\u043a\u0456 \u043f\u0440\u043e\u043f\u043e\u043d\u0443\u044e\u0442\u044c \u0440\u0456\u0437\u043d\u0456 \u0456\u043d\u0456\u0446\u0456\u0430\u0442\u0438\u0432\u0438 \u0432 \u0411\u0430\u0437\u0435\u043b\u0456\n\t\t\t<\/li>\n\t\t\t<li>\n\t\t\t\t\u041d\u043e\u0432\u0438\u043d\u0438 \u043f\u0440\u043e \u043c\u0430\u0439\u0431\u0443\u0442\u043d\u0456 \u0437\u0443\u0441\u0442\u0440\u0456\u0447\u0456, \u0442\u0440\u0435\u043d\u0456\u043d\u0433\u0438 \u0442\u0430 \u043f\u0440\u043e\u0441\u0442\u043e\u0440\u0438 \u0434\u043b\u044f \u0434\u0456\u0442\u0435\u0439.\n\t\t\t<\/li>\n\t\t\t<li>\n\t\t\t\t\u041a\u043e\u0440\u0438\u0441\u043d\u0456 \u043f\u043e\u0441\u0438\u043b\u0430\u043d\u043d\u044f \u043d\u0430 \u0432\u0435\u0431-\u0441\u0442\u043e\u0440\u0456\u043d\u043a\u0438 \u0442\u0430 \u0456\u043d\u0456\u0446\u0456\u0430\u0442\u0438\u0432\u0438 \u0434\u043b\u044f \u0443\u043a\u0440\u0430\u0457\u043d\u0446\u0456\u0432 \u0411\u0430\u0437\u0435\u043b\u044c\u0441\u044c\u043a\u043e\u0433\u043e \u0440\u0435\u0433\u0456\u043e\u043d\u0443 \u0442\u0430 \u0437\u0430 \u0439\u043e\u0433\u043e \u043c\u0435\u0436\u0430\u043c\u0438.\n\t\t\t<\/li>\n\t\t<\/ul>\n\t<p>\u041c\u0438 \u0434\u0443\u0436\u0435 \u0440\u0430\u0434\u0456, \u0449\u043e \u0443 \u0411\u0430\u0437\u0435\u043b\u0456 \u0454 \u0442\u0430\u043a \u0431\u0430\u0433\u0430\u0442\u043e \u0456\u043d\u0456\u0446\u0456\u0430\u0442\u0438\u0432\u043d\u0438\u0445 \u0442\u0430 \u0447\u0443\u0439\u043d\u0438\u0445 \u043b\u044e\u0434\u0435\u0439, \u044f\u043a\u0456 \u0437\u0430\u0440\u0430\u0437 \u0434\u043e\u043f\u043e\u043c\u0430\u0433\u0430\u044e\u0442\u044c \u0443\u043a\u0440\u0430\u0457\u043d\u0446\u044f\u043c. \u041d\u0430 \u0434\u0430\u043d\u0438\u0439 \u043c\u043e\u043c\u0435\u043d\u0442 \u043c\u0438 \u0437\u043d\u0430\u0445\u043e\u0434\u0438\u043c\u043e\u0441\u044f \u043d\u0430 \u0435\u0442\u0430\u043f\u0456 \u0437\u0431\u043e\u0440\u0443 \u0456\u043d\u0444\u043e\u0440\u043c\u0430\u0446\u0456\u0457 \u0434\u043b\u044f \u043e\u0431'\u0454\u0434\u043d\u0430\u043d\u043e\u0433\u043e \u043a\u0430\u043b\u0435\u043d\u0434\u0430\u0440\u044f \u043f\u043e\u0434\u0456\u0439, \u0442\u043e\u043c\u0443 \u0431\u0443\u0434\u0435\u043c\u043e \u0434\u0443\u0436\u0435 \u0432\u0434\u044f\u0447\u043d\u0456 \u0432\u0430\u043c, \u044f\u043a\u0449\u043e \u0432\u0438 \u043f\u043e\u0432\u0456\u0434\u043e\u043c\u043b\u044f\u0442\u0438\u043c\u0435\u0442\u0435 \u043f\u0440\u043e \u043c\u0430\u0439\u0431\u0443\u0442\u043d\u0456 \u043f\u043e\u0434\u0456\u0457, \u0449\u043e\u0431 \u043c\u0438 \u043c\u043e\u0433\u043b\u0438 \u0434\u043e\u0434\u0430\u0442\u0438 \u0457\u0445 \u0434\u043e \u0437\u0430\u0433\u0430\u043b\u044c\u043d\u043e\u0433\u043e \u043a\u0430\u043b\u0435\u043d\u0434\u0430\u0440\u044f.<\/p>\n<p>\u0406\u043d\u0444\u043e\u0440\u043c\u0430\u0446\u0456\u044e \u043f\u0440\u043e \u043c\u0430\u0439\u0431\u0443\u0442\u043d\u0456 \u043f\u043e\u0434\u0456\u0457 \u043f\u0440\u043e\u0445\u0430\u043d\u043d\u044f \u043d\u0430\u0434\u0441\u0438\u043b\u0430\u0442\u0438 \u043d\u0430 \u0435\u043b.\u0430\u0434\u0440\u0435\u0441\u0443 <a href=\"mailto:elena@heartbasedmedicine.org\">elena@heartbasedmedicine.org<\/a><\/p>\n<p>(\u041e\u043b\u0435\u043d\u0430 \u0442\u0430\u043a\u043e\u0436 \u043f\u0440\u0438\u0457\u0445\u0430\u043b\u0430 \u0437 \u0423\u043a\u0440\u0430\u0457\u043d\u0438, \u043f\u043e\u0432\u0456\u0434\u043e\u043c\u043b\u0435\u043d\u043d\u044f \u043c\u043e\u0436\u043d\u0430 \u043f\u0438\u0441\u0430\u0442\u0438 \u0443\u043a\u0440\u0430\u0457\u043d\u0441\u044c\u043a\u043e\u044e \u0430\u0431\u043e \u0440\u043e\u0441\u0456\u0439\u0441\u044c\u043a\u043e\u044e \u043c\u043e\u0432\u0430\u043c\u0438)<\/p>\n\t\t\t<h3>News<\/h3>\t\t\t\n\t\t\t<h3>Upcoming Events<\/h3>\t\t\t\n\t<div id=\"em-calendar-182\" class=\"em-calendar-wrapper\"><table class=\"em-calendar\">\r\n\t<thead>\r\n\t\t<tr>\r\n\t\t\t<td><a class=\"em-calnav em-calnav-prev\" href=\"\/en\/wp-json\/wp\/v2\/pages\/38163?ajaxCalendar=1&#038;mo=3&#038;yr=2026\" rel=\"nofollow\">&lt;&lt;<\/a><\/td>\r\n\t\t\t<td class=\"month_name\" colspan=\"5\">Apr 2026<\/td>\r\n\t\t\t<td><a class=\"em-calnav em-calnav-next\" href=\"\/en\/wp-json\/wp\/v2\/pages\/38163?ajaxCalendar=1&#038;mo=5&#038;yr=2026\" rel=\"nofollow\">&gt;&gt;<\/a><\/td>\r\n\t\t<\/tr>\r\n\t<\/thead>\r\n\t<tbody>\r\n\t\t<tr class=\"days-names\">\r\n\t\t\t<td>M<\/td><td>T<\/td><td>W<\/td><td>T<\/td><td>F<\/td><td>S<\/td><td>S<\/td>\r\n\t\t<\/tr>\r\n\t\t<tr>\r\n\t\t\t\t\t\t\t<td class=\"eventless-pre\">\r\n\t\t\t\t\t\t\t\t\t\t30\t\t\t\t\t\t\t\t\t<\/td>\r\n\t\t\t\t\t\t\t\t<td class=\"eventless-pre\">\r\n\t\t\t\t\t\t\t\t\t\t31\t\t\t\t\t\t\t\t\t<\/td>\r\n\t\t\t\t\t\t\t\t<td class=\"eventless\">\r\n\t\t\t\t\t\t\t\t\t\t1\t\t\t\t\t\t\t\t\t<\/td>\r\n\t\t\t\t\t\t\t\t<td class=\"eventless\">\r\n\t\t\t\t\t\t\t\t\t\t2\t\t\t\t\t\t\t\t\t<\/td>\r\n\t\t\t\t\t\t\t\t<td class=\"eventless\">\r\n\t\t\t\t\t\t\t\t\t\t3\t\t\t\t\t\t\t\t\t<\/td>\r\n\t\t\t\t\t\t\t\t<td class=\"eventless\">\r\n\t\t\t\t\t\t\t\t\t\t4\t\t\t\t\t\t\t\t\t<\/td>\r\n\t\t\t\t\t\t\t\t<td class=\"eventless\">\r\n\t\t\t\t\t\t\t\t\t\t5\t\t\t\t\t\t\t\t\t<\/td>\r\n\t\t\t\t<\/tr><tr>\t\t\t\t<td class=\"eventless\">\r\n\t\t\t\t\t\t\t\t\t\t6\t\t\t\t\t\t\t\t\t<\/td>\r\n\t\t\t\t\t\t\t\t<td class=\"eventless\">\r\n\t\t\t\t\t\t\t\t\t\t7\t\t\t\t\t\t\t\t\t<\/td>\r\n\t\t\t\t\t\t\t\t<td class=\"eventless\">\r\n\t\t\t\t\t\t\t\t\t\t8\t\t\t\t\t\t\t\t\t<\/td>\r\n\t\t\t\t\t\t\t\t<td class=\"eventless\">\r\n\t\t\t\t\t\t\t\t\t\t9\t\t\t\t\t\t\t\t\t<\/td>\r\n\t\t\t\t\t\t\t\t<td class=\"eventless\">\r\n\t\t\t\t\t\t\t\t\t\t10\t\t\t\t\t\t\t\t\t<\/td>\r\n\t\t\t\t\t\t\t\t<td class=\"eventless\">\r\n\t\t\t\t\t\t\t\t\t\t11\t\t\t\t\t\t\t\t\t<\/td>\r\n\t\t\t\t\t\t\t\t<td class=\"eventless\">\r\n\t\t\t\t\t\t\t\t\t\t12\t\t\t\t\t\t\t\t\t<\/td>\r\n\t\t\t\t<\/tr><tr>\t\t\t\t<td class=\"eventless\">\r\n\t\t\t\t\t\t\t\t\t\t13\t\t\t\t\t\t\t\t\t<\/td>\r\n\t\t\t\t\t\t\t\t<td class=\"eventless\">\r\n\t\t\t\t\t\t\t\t\t\t14\t\t\t\t\t\t\t\t\t<\/td>\r\n\t\t\t\t\t\t\t\t<td class=\"eventless\">\r\n\t\t\t\t\t\t\t\t\t\t15\t\t\t\t\t\t\t\t\t<\/td>\r\n\t\t\t\t\t\t\t\t<td class=\"eventless\">\r\n\t\t\t\t\t\t\t\t\t\t16\t\t\t\t\t\t\t\t\t<\/td>\r\n\t\t\t\t\t\t\t\t<td class=\"eventless\">\r\n\t\t\t\t\t\t\t\t\t\t17\t\t\t\t\t\t\t\t\t<\/td>\r\n\t\t\t\t\t\t\t\t<td class=\"eventless\">\r\n\t\t\t\t\t\t\t\t\t\t18\t\t\t\t\t\t\t\t\t<\/td>\r\n\t\t\t\t\t\t\t\t<td class=\"eventless\">\r\n\t\t\t\t\t\t\t\t\t\t19\t\t\t\t\t\t\t\t\t<\/td>\r\n\t\t\t\t<\/tr><tr>\t\t\t\t<td class=\"eventless\">\r\n\t\t\t\t\t\t\t\t\t\t20\t\t\t\t\t\t\t\t\t<\/td>\r\n\t\t\t\t\t\t\t\t<td class=\"eventless\">\r\n\t\t\t\t\t\t\t\t\t\t21\t\t\t\t\t\t\t\t\t<\/td>\r\n\t\t\t\t\t\t\t\t<td class=\"eventless\">\r\n\t\t\t\t\t\t\t\t\t\t22\t\t\t\t\t\t\t\t\t<\/td>\r\n\t\t\t\t\t\t\t\t<td class=\"eventless\">\r\n\t\t\t\t\t\t\t\t\t\t23\t\t\t\t\t\t\t\t\t<\/td>\r\n\t\t\t\t\t\t\t\t<td class=\"eventless\">\r\n\t\t\t\t\t\t\t\t\t\t24\t\t\t\t\t\t\t\t\t<\/td>\r\n\t\t\t\t\t\t\t\t<td class=\"eventless\">\r\n\t\t\t\t\t\t\t\t\t\t25\t\t\t\t\t\t\t\t\t<\/td>\r\n\t\t\t\t\t\t\t\t<td class=\"eventless\">\r\n\t\t\t\t\t\t\t\t\t\t26\t\t\t\t\t\t\t\t\t<\/td>\r\n\t\t\t\t<\/tr><tr>\t\t\t\t<td class=\"eventless\">\r\n\t\t\t\t\t\t\t\t\t\t27\t\t\t\t\t\t\t\t\t<\/td>\r\n\t\t\t\t\t\t\t\t<td class=\"eventless\">\r\n\t\t\t\t\t\t\t\t\t\t28\t\t\t\t\t\t\t\t\t<\/td>\r\n\t\t\t\t\t\t\t\t<td class=\"eventless\">\r\n\t\t\t\t\t\t\t\t\t\t29\t\t\t\t\t\t\t\t\t<\/td>\r\n\t\t\t\t\t\t\t\t<td class=\"eventless-today\">\r\n\t\t\t\t\t\t\t\t\t\t30\t\t\t\t\t\t\t\t\t<\/td>\r\n\t\t\t\t\t\t\t\t<td class=\"eventless-post\">\r\n\t\t\t\t\t\t\t\t\t\t1\t\t\t\t\t\t\t\t\t<\/td>\r\n\t\t\t\t\t\t\t\t<td class=\"eventless-post\">\r\n\t\t\t\t\t\t\t\t\t\t2\t\t\t\t\t\t\t\t\t<\/td>\r\n\t\t\t\t\t\t\t\t<td class=\"eventless-post\">\r\n\t\t\t\t\t\t\t\t\t\t3\t\t\t\t\t\t\t\t\t<\/td>\r\n\t\t\t\t\t\t<\/tr>\r\n\t<\/tbody>\r\n<\/table><\/div>\nNo events\n\t\t\t<h3>Useful links<\/h3>\t\t\t\n\t<p><a href=\"https:\/\/stiftungen.stiftungschweiz.ch\/projects\/medizinische-und-psychologische-soforthilfe-fuer-fluechtlingskinder-aus-der-ukraine\" target=\"_blank\" rel=\"noopener noreferrer nofollow\" data-saferedirecturl=\"https:\/\/www.google.com\/url?q=https:\/\/stiftungen.stiftungschweiz.ch\/projects\/medizinische-und-psychologische-soforthilfe-fuer-fluechtlingskinder-aus-der-ukraine&amp;source=gmail&amp;ust=1648592320359000&amp;usg=AOvVaw1DxqwUngVFQZ8prMuP5ctW\">Heart-Based Medicine Foundation<\/a><\/p>\n\t<p><a href=\"https:\/\/withukraine.ch\" target=\"_blank\" rel=\"noopener noreferrer nofollow\">https:\/\/withukraine.ch<\/a> - \u041e\u0431\u0431'\u0454\u0434\u043d\u0430\u043d\u043d\u044f \u0436\u0438\u0442\u0435\u043b\u0456\u0432 \u0411\u0430\u0437\u0435\u043b\u044f, \u044f\u043a\u0456 \u043f\u0440\u0438\u0457\u0445\u0430\u043b\u0438 \u0437 \u0423\u043a\u0440\u0430\u0457\u043d\u0438, \u043c\u0430\u044e\u0442\u044c \u0442\u0430\u043c \u0440\u043e\u0434\u0438\u0447\u0456\u0432 \u0447\u0438 \u043f\u0440\u043e\u0441\u0442\u043e \u0445\u043e\u0447\u0443\u0442\u044c \u0434\u043e\u043f\u043e\u043c\u043e\u0433\u0442\u0438<\/p>\n\t<p><a href=\"http:\/\/www.terranea.ch\" target=\"_blank\" rel=\"noopener noreferrer nofollow\">www.terranea.ch<\/a> - \u041d\u0435\u043a\u043e\u043c\u0435\u0440\u0446\u0456\u0439\u043d\u0430 \u0430\u0441\u043e\u0446\u0456\u0430\u0446\u0456\u044f TerraNea, \u0449\u043e \u043f\u0456\u0434\u0442\u0440\u0438\u043c\u0443\u0454 \u043b\u044e\u0434\u0435\u0439, \u044f\u043a\u0456 \u0441\u0442\u0438\u043a\u043d\u0443\u043b\u0438\u0441\u044f \u0437\u0456 \u0441\u043a\u043b\u0430\u0434\u043d\u043e\u0449\u0430\u043c\u0438<\/p>\n\t<p><a href=\"http:\/\/www.ukrainerinbasel.ch\" target=\"_blank\" rel=\"noopener noreferrer nofollow\">www.ukrainerinbasel.ch<\/a> - \u0411\u0430\u0437\u0435\u043b\u044c\u0441\u044c\u043a\u0438\u0439 \u0444\u0456\u043b\u0456\u0430\u043b \u0423\u043a\u0440\u0430\u0457\u043d\u0441\u044c\u043a\u043e\u0457 \u0410\u0441\u043e\u0446\u0456\u0430\u0446\u0456\u0457 \u0432 \u0428\u0432\u0435\u0439\u0446\u0430\u0440\u0456\u0457<\/p>\n\t<p><a href=\"https:\/\/www.support-ukraine.bs.ch\/\" target=\"_blank\" rel=\"noopener noreferrer nofollow\">https:\/\/www.support-ukraine.bs.ch\/<\/a> - \u0433\u043e\u043b\u043e\u0432\u043d\u0430 \u0441\u0442\u043e\u0440\u0456\u043d\u043a\u0430 \u043a\u0430\u043d\u0442\u043e\u043d\u0443 \u0411\u0430\u0437\u0435\u043b\u044c-\u0448\u0442\u0430\u0434\u0442<\/p>\n\t<p><a href=\"https:\/\/www.support-ukraine.bs.ch\/\" target=\"_blank\" rel=\"noopener noreferrer nofollow\">https:\/\/www.support-ukraine.bs.ch\/<\/a> - \u0433\u043e\u043b\u043e\u0432\u043d\u0430 \u0441\u0442\u043e\u0440\u0456\u043d\u043a\u0430 \u043a\u0430\u043d\u0442\u043e\u043d\u0443 \u0411\u0430\u0437\u0435\u043b\u044c-\u0448\u0442\u0430\u0434\u0442<\/p>\n\t<p><a href=\"https:\/\/www.facebook.com\/groups\/1511385132416623\/?ref=share\" target=\"_blank\" rel=\"noopener noreferrer nofollow\">https:\/\/www.facebook.com\/groups\/1511385132416623\/?ref=share<\/a> - \u0411\u0430\u0437\u0435\u043b\u044c\u0441\u044c\u043a\u0438\u0439 \u043e\u0441\u0435\u0440\u0435\u0434\u043e\u043a \u0443\u043a\u0440\u0430\u0457\u043d\u0446\u0456\u0432 (\u0441\u0442\u043e\u0440\u0456\u043d\u043a\u0430 Facebook)<\/p>\n\t<p><a href=\"https:\/\/www.facebook.com\/checkpoint\/260950855804872\/?next=https%3A%2F%2Fwww.facebook.com%2Fpages%2Fcategory%2FCommunity%2F%25D0%25A3%25D0%25BA%25D1%2580%25D0%25B0%25D1%2597%25D0%25BD%25D1%2581%25D1%258C%25D0%25BA%25D0%25B0-%25D1%2588%25D0%25BA%25D0%25BE%25D0%25BB%25D0%25B0-%25D0%25B2-%25D0%2591%25D0%25B0%25D0%25B7%25D0%25B5%25D0%25BB%25D1%2596-%25D0%2591%25D0%25B0%25D1%2580%25D0%25B2%25D1%2596%25D0%25BD%25D0%25BE%25D0%25BA-Ukrainische-Schule-in-Basel-Barvinok-811830015688253%2F\" target=\"_blank\" rel=\"noopener noreferrer nofollow\">\u0423\u043a\u0440\u0430\u0457\u043d\u0441\u044c\u043a\u0430 \u0448\u043a\u043e\u043b\u0430 \u0432 \u0411\u0430\u0437\u0435\u043b\u0456 \"\u0411\u0430\u0440\u0432\u0456\u043d\u043e\u043a\" (\u0441\u0442\u043e\u0440\u0456\u043d\u043a\u0430 Facebook)<\/a><\/p>\n\t<p><a href=\"https:\/\/www.kultur.bs.ch\/engagements-initiativen\/kulturcommunity\/angebote-fuer-gefluechtete-menschen-und-asylsuchende.html\" target=\"_blank\" rel=\"noopener noreferrer nofollow\">\u041a\u0443\u043b\u044c\u0442\u0443\u0440\u0430 \u0432 \u0411\u0430\u0437\u0435\u043b\u0456<\/a><\/p>","protected":false},"excerpt":{"rendered":"<p>Ukraine Hilfe Basel &#8211; \u0414\u043e\u043f\u043e\u043c\u043e\u0433\u0430 \u0423\u043a\u0440\u0430\u0457\u043d\u0456 Wir sind f\u00fcr Euch da &#8211; \u043c\u0438 \u0442\u0443\u0442 \u0434\u043b\u044f \u0432\u0430\u0441 Wie k\u00f6nnen wir Ihnen helfen? Kontaktieren Sie uns f\u00fcr die Patientenaufnahme. +41 61 201 01 01 Youkidoc engagiert sich gemeinsam mit diversen Hilfsorganisationen f\u00fcr ukrainische Fl\u00fcchtlinge direkt vor Ort und bei uns in Basel. Youkidoc hat die Initiative gestartet, [&hellip;]<\/p>\n","protected":false},"author":2,"featured_media":38167,"parent":0,"menu_order":0,"comment_status":"closed","ping_status":"closed","template":"","meta":{"_acf_changed":false,"_seopress_robots_primary_cat":"","_seopress_titles_title":"Ukraine Hilfe - Youkidoc ","_seopress_titles_desc":"Youkidoc unterst\u00fctzt Kinderspital in der Ukraine, versorgt und behandelt Patienten aus der Ukraine in Basel und sammelt Spenden f\u00fcr Betroffene. ","_seopress_robots_index":"","site-sidebar-layout":"no-sidebar","site-content-layout":"page-builder","ast-site-content-layout":"default","site-content-style":"default","site-sidebar-style":"default","ast-global-header-display":"","ast-banner-title-visibility":"","ast-main-header-display":"","ast-hfb-above-header-display":"","ast-hfb-below-header-display":"","ast-hfb-mobile-header-display":"","site-post-title":"disabled","ast-breadcrumbs-content":"","ast-featured-img":"disabled","footer-sml-layout":"","ast-disable-related-posts":"","theme-transparent-header-meta":"default","adv-header-id-meta":"","stick-header-meta":"","header-above-stick-meta":"","header-main-stick-meta":"","header-below-stick-meta":"","astra-migrate-meta-layouts":"default","ast-page-background-enabled":"default","ast-page-background-meta":{"desktop":{"background-color":"","background-image":"","background-repeat":"repeat","background-position":"center center","background-size":"auto","background-attachment":"scroll","background-type":"","background-media":"","overlay-type":"","overlay-color":"","overlay-opacity":"","overlay-gradient":""},"tablet":{"background-color":"","background-image":"","background-repeat":"repeat","background-position":"center center","background-size":"auto","background-attachment":"scroll","background-type":"","background-media":"","overlay-type":"","overlay-color":"","overlay-opacity":"","overlay-gradient":""},"mobile":{"background-color":"","background-image":"","background-repeat":"repeat","background-position":"center center","background-size":"auto","background-attachment":"scroll","background-type":"","background-media":"","overlay-type":"","overlay-color":"","overlay-opacity":"","overlay-gradient":""}},"ast-content-background-meta":{"desktop":{"background-color":"var(--ast-global-color-5)","background-image":"","background-repeat":"repeat","background-position":"center center","background-size":"auto","background-attachment":"scroll","background-type":"","background-media":"","overlay-type":"","overlay-color":"","overlay-opacity":"","overlay-gradient":""},"tablet":{"background-color":"var(--ast-global-color-5)","background-image":"","background-repeat":"repeat","background-position":"center center","background-size":"auto","background-attachment":"scroll","background-type":"","background-media":"","overlay-type":"","overlay-color":"","overlay-opacity":"","overlay-gradient":""},"mobile":{"background-color":"var(--ast-global-color-5)","background-image":"","background-repeat":"repeat","background-position":"center center","background-size":"auto","background-attachment":"scroll","background-type":"","background-media":"","overlay-type":"","overlay-color":"","overlay-opacity":"","overlay-gradient":""}},"iawp_total_views":396,"footnotes":""},"class_list":["post-38163","page","type-page","status-publish","has-post-thumbnail","hentry"],"acf":[],"_links":{"self":[{"href":"https:\/\/www.youkidoc.ch\/en\/wp-json\/wp\/v2\/pages\/38163","targetHints":{"allow":["GET"]}}],"collection":[{"href":"https:\/\/www.youkidoc.ch\/en\/wp-json\/wp\/v2\/pages"}],"about":[{"href":"https:\/\/www.youkidoc.ch\/en\/wp-json\/wp\/v2\/types\/page"}],"author":[{"embeddable":true,"href":"https:\/\/www.youkidoc.ch\/en\/wp-json\/wp\/v2\/users\/2"}],"replies":[{"embeddable":true,"href":"https:\/\/www.youkidoc.ch\/en\/wp-json\/wp\/v2\/comments?post=38163"}],"version-history":[{"count":60,"href":"https:\/\/www.youkidoc.ch\/en\/wp-json\/wp\/v2\/pages\/38163\/revisions"}],"predecessor-version":[{"id":39387,"href":"https:\/\/www.youkidoc.ch\/en\/wp-json\/wp\/v2\/pages\/38163\/revisions\/39387"}],"wp:featuredmedia":[{"embeddable":true,"href":"https:\/\/www.youkidoc.ch\/en\/wp-json\/wp\/v2\/media\/38167"}],"wp:attachment":[{"href":"https:\/\/www.youkidoc.ch\/en\/wp-json\/wp\/v2\/media?parent=38163"}],"curies":[{"name":"wp","href":"https:\/\/api.w.org\/{rel}","templated":true}]}}