{"id":40754,"date":"2025-11-05T16:25:32","date_gmt":"2025-11-05T15:25:32","guid":{"rendered":"https:\/\/www.youkidoc.ch\/?page_id=40754"},"modified":"2025-11-07T09:36:10","modified_gmt":"2025-11-07T08:36:10","slug":"occupational-therapy-questionnaire","status":"publish","type":"page","link":"https:\/\/www.youkidoc.ch\/en\/ergotherapie-fragebogen\/","title":{"rendered":"Occupational therapy questionnaire"},"content":{"rendered":"<h3>Occupational therapy questionnaire<\/h3>\t\t\t\n\t\t\t\t<p>To register for occupational therapy, please complete the following questionnaire in full! We will then add your child to our waiting list. The waiting time for afternoon appointments is at least 12 months; the waiting time for morning appointments is usually much shorter. As soon as we are able to offer your child a therapy place, we will contact you.<\/p>","protected":false},"excerpt":{"rendered":"<p>Ergotherapie Fragebogen F\u00fcr die Anmeldung zur Ergotherapie f\u00fcllen Sie bitte den folgenden Fragebogen vollst\u00e4ndig aus! Wir werden Ihr Kind dann bei uns auf die Warteliste aufnehmen. Die Wartezeit f\u00fcr Nachmittagstermine betr\u00e4gt mindestens 12 Monate, f\u00fcr Vormittagstermine ist die Wartezeit in der Regel deutlich k\u00fcrzer. Sobald wir Ihrem Kind einen Therapieplatz anbieten k\u00f6nnen, werden wir Kontakt [&hellip;]<\/p>\n","protected":false},"author":11,"featured_media":0,"parent":0,"menu_order":0,"comment_status":"closed","ping_status":"closed","template":"","meta":{"_acf_changed":false,"_seopress_robots_primary_cat":"","_seopress_titles_title":"","_seopress_titles_desc":"","_seopress_robots_index":"","site-sidebar-layout":"default","site-content-layout":"","ast-site-content-layout":"default","site-content-style":"default","site-sidebar-style":"default","ast-global-header-display":"","ast-banner-title-visibility":"","ast-main-header-display":"","ast-hfb-above-header-display":"","ast-hfb-below-header-display":"","ast-hfb-mobile-header-display":"","site-post-title":"disabled","ast-breadcrumbs-content":"","ast-featured-img":"","footer-sml-layout":"","ast-disable-related-posts":"","theme-transparent-header-meta":"","adv-header-id-meta":"","stick-header-meta":"","header-above-stick-meta":"","header-main-stick-meta":"","header-below-stick-meta":"","astra-migrate-meta-layouts":"set","ast-page-background-enabled":"default","ast-page-background-meta":{"desktop":{"background-color":"","background-image":"","background-repeat":"repeat","background-position":"center center","background-size":"auto","background-attachment":"scroll","background-type":"","background-media":"","overlay-type":"","overlay-color":"","overlay-opacity":"","overlay-gradient":""},"tablet":{"background-color":"","background-image":"","background-repeat":"repeat","background-position":"center center","background-size":"auto","background-attachment":"scroll","background-type":"","background-media":"","overlay-type":"","overlay-color":"","overlay-opacity":"","overlay-gradient":""},"mobile":{"background-color":"","background-image":"","background-repeat":"repeat","background-position":"center center","background-size":"auto","background-attachment":"scroll","background-type":"","background-media":"","overlay-type":"","overlay-color":"","overlay-opacity":"","overlay-gradient":""}},"ast-content-background-meta":{"desktop":{"background-color":"var(--ast-global-color-5)","background-image":"","background-repeat":"repeat","background-position":"center center","background-size":"auto","background-attachment":"scroll","background-type":"","background-media":"","overlay-type":"","overlay-color":"","overlay-opacity":"","overlay-gradient":""},"tablet":{"background-color":"var(--ast-global-color-5)","background-image":"","background-repeat":"repeat","background-position":"center center","background-size":"auto","background-attachment":"scroll","background-type":"","background-media":"","overlay-type":"","overlay-color":"","overlay-opacity":"","overlay-gradient":""},"mobile":{"background-color":"var(--ast-global-color-5)","background-image":"","background-repeat":"repeat","background-position":"center center","background-size":"auto","background-attachment":"scroll","background-type":"","background-media":"","overlay-type":"","overlay-color":"","overlay-opacity":"","overlay-gradient":""}},"iawp_total_views":707,"footnotes":""},"class_list":["post-40754","page","type-page","status-publish","hentry"],"acf":[],"_links":{"self":[{"href":"https:\/\/www.youkidoc.ch\/en\/wp-json\/wp\/v2\/pages\/40754","targetHints":{"allow":["GET"]}}],"collection":[{"href":"https:\/\/www.youkidoc.ch\/en\/wp-json\/wp\/v2\/pages"}],"about":[{"href":"https:\/\/www.youkidoc.ch\/en\/wp-json\/wp\/v2\/types\/page"}],"author":[{"embeddable":true,"href":"https:\/\/www.youkidoc.ch\/en\/wp-json\/wp\/v2\/users\/11"}],"replies":[{"embeddable":true,"href":"https:\/\/www.youkidoc.ch\/en\/wp-json\/wp\/v2\/comments?post=40754"}],"version-history":[{"count":7,"href":"https:\/\/www.youkidoc.ch\/en\/wp-json\/wp\/v2\/pages\/40754\/revisions"}],"predecessor-version":[{"id":40765,"href":"https:\/\/www.youkidoc.ch\/en\/wp-json\/wp\/v2\/pages\/40754\/revisions\/40765"}],"wp:attachment":[{"href":"https:\/\/www.youkidoc.ch\/en\/wp-json\/wp\/v2\/media?parent=40754"}],"curies":[{"name":"wp","href":"https:\/\/api.w.org\/{rel}","templated":true}]}}